{"id":4570,"date":"2020-02-15T10:38:52","date_gmt":"2020-02-15T13:38:52","guid":{"rendered":"https:\/\/the7.io\/logistics\/?page_id=20"},"modified":"2023-02-07T18:29:31","modified_gmt":"2023-02-07T21:29:31","slug":"almacenaje","status":"publish","type":"page","link":"https:\/\/transportesezquerra.com.ar\/index.php\/almacenaje\/","title":{"rendered":"Almacenaje"},"content":{"rendered":"\t\t<div data-elementor-type=\"wp-page\" data-elementor-id=\"4570\" class=\"elementor elementor-4570\" data-elementor-post-type=\"page\">\n\t\t\t\t<div class=\"elementor-element elementor-element-b880b3f e-flex e-con-boxed e-con e-parent\" data-id=\"b880b3f\" data-element_type=\"container\" data-e-type=\"container\">\n\t\t\t\t\t<div class=\"e-con-inner\">\n\t\t<div class=\"elementor-element elementor-element-0c88dd1 e-con-full e-flex e-con e-parent\" data-id=\"0c88dd1\" data-element_type=\"container\" data-e-type=\"container\">\n\t\t\t\t<div class=\"elementor-element elementor-element-64d6ea5 elementor-widget elementor-widget-heading\" data-id=\"64d6ea5\" data-element_type=\"widget\" data-e-type=\"widget\" data-widget_type=\"heading.default\">\n\t\t\t\t<div class=\"elementor-widget-container\">\n\t\t\t\t\t<h2 class=\"elementor-heading-title elementor-size-default\">ALMACENAJE<\/h2>\t\t\t\t<\/div>\n\t\t\t\t<\/div>\n\t\t\t\t<div class=\"elementor-element elementor-element-da8a658 elementor-widget-divider--separator-type-pattern elementor-widget-divider--view-line elementor-widget elementor-widget-divider\" data-id=\"da8a658\" data-element_type=\"widget\" data-e-type=\"widget\" data-widget_type=\"divider.default\">\n\t\t\t\t<div class=\"elementor-widget-container\">\n\t\t\t\t\t\t\t<div class=\"elementor-divider\" style=\"--divider-pattern-url: url(&quot;data:image\/svg+xml,%3Csvg xmlns=&#039;http:\/\/www.w3.org\/2000\/svg&#039; preserveAspectRatio=&#039;none&#039; overflow=&#039;visible&#039; height=&#039;100%&#039; viewBox=&#039;0 0 20 16&#039; fill=&#039;none&#039; stroke=&#039;black&#039; stroke-width=&#039;3&#039; stroke-linecap=&#039;square&#039; stroke-miterlimit=&#039;10&#039;%3E%3Cg transform=&#039;translate(-12.000000, 0)&#039;%3E%3Cpath d=&#039;M28,0L10,18&#039;\/%3E%3Cpath d=&#039;M18,0L0,18&#039;\/%3E%3Cpath d=&#039;M48,0L30,18&#039;\/%3E%3Cpath d=&#039;M38,0L20,18&#039;\/%3E%3C\/g%3E%3C\/svg%3E&quot;);\">\n\t\t\t<span class=\"elementor-divider-separator\">\n\t\t\t\t\t\t<\/span>\n\t\t<\/div>\n\t\t\t\t\t\t<\/div>\n\t\t\t\t<\/div>\n\t\t\t\t<div class=\"elementor-element elementor-element-4de8a7f elementor-widget elementor-widget-text-editor\" data-id=\"4de8a7f\" data-element_type=\"widget\" data-e-type=\"widget\" data-widget_type=\"text-editor.default\">\n\t\t\t\t<div class=\"elementor-widget-container\">\n\t\t\t\t\t\t\t\t\t<p>Nuestros dep\u00f3sitos est\u00e1n especialmente acondicionados para el almacenamiento, control y administraci\u00f3n del stock. Permitiendo al cliente disponer de un espacio f\u00edsico para administrar su stock sin necesidad de ocupar espacios propios o alquilados como as\u00ed tambi\u00e9n de personal disponible para la preparaci\u00f3n de pedidos y su posterior entrega.<\/p><p>Contamos con equipamiento de avanzada que permite la manipulaci\u00f3n tanto de productos fr\u00e1giles como equipos de grandes dimensiones.<\/p><p>Nuestros dep\u00f3sitos cuentan con equipamiento contra incendios.<\/p><p>Contamos con un sistema de seguridad con alarma y guardias que custodian las 24 hs el ingreso y egreso de personas y camiones.<\/p>\t\t\t\t\t\t\t\t<\/div>\n\t\t\t\t<\/div>\n\t\t\t\t<\/div>\n\t\t<div class=\"elementor-element elementor-element-b3d9320 e-con-full e-flex e-con e-parent\" data-id=\"b3d9320\" data-element_type=\"container\" data-e-type=\"container\">\n\t\t\t\t<div class=\"elementor-element elementor-element-e85d87a elementor-widget elementor-widget-image\" data-id=\"e85d87a\" data-element_type=\"widget\" data-e-type=\"widget\" data-widget_type=\"image.default\">\n\t\t\t\t<div class=\"elementor-widget-container\">\n\t\t\t\t\t\t\t\t\t\t\t\t\t\t\t<img fetchpriority=\"high\" decoding=\"async\" width=\"1024\" height=\"683\" src=\"https:\/\/transportesezquerra.com.ar\/wp-content\/uploads\/2020\/02\/tr006-1024x683.jpg\" class=\"attachment-large size-large wp-image-67\" alt=\"\" srcset=\"https:\/\/transportesezquerra.com.ar\/wp-content\/uploads\/2020\/02\/tr006-1024x683.jpg 1024w, https:\/\/transportesezquerra.com.ar\/wp-content\/uploads\/2020\/02\/tr006-300x200.jpg 300w, https:\/\/transportesezquerra.com.ar\/wp-content\/uploads\/2020\/02\/tr006-768x512.jpg 768w, https:\/\/transportesezquerra.com.ar\/wp-content\/uploads\/2020\/02\/tr006.jpg 1500w\" sizes=\"(max-width: 1024px) 100vw, 1024px\" \/>\t\t\t\t\t\t\t\t\t\t\t\t\t\t\t<\/div>\n\t\t\t\t<\/div>\n\t\t\t\t<\/div>\n\t\t\t\t\t<\/div>\n\t\t\t\t<\/div>\n\t\t\t\t<\/div>\n\t\t","protected":false},"excerpt":{"rendered":"<p>ALMACENAJE Nuestros dep\u00f3sitos est\u00e1n especialmente acondicionados para el almacenamiento, control y administraci\u00f3n del stock. Permitiendo al cliente disponer de un espacio f\u00edsico para administrar su stock sin necesidad de ocupar espacios propios o alquilados como as\u00ed tambi\u00e9n de personal disponible para la preparaci\u00f3n de pedidos y su posterior entrega. Contamos con equipamiento de avanzada que&hellip;<\/p>\n","protected":false},"author":1,"featured_media":0,"parent":0,"menu_order":35,"comment_status":"closed","ping_status":"closed","template":"","meta":{"_joinchat":[],"footnotes":""},"class_list":["post-4570","page","type-page","status-publish","hentry"],"_links":{"self":[{"href":"https:\/\/transportesezquerra.com.ar\/index.php\/wp-json\/wp\/v2\/pages\/4570","targetHints":{"allow":["GET"]}}],"collection":[{"href":"https:\/\/transportesezquerra.com.ar\/index.php\/wp-json\/wp\/v2\/pages"}],"about":[{"href":"https:\/\/transportesezquerra.com.ar\/index.php\/wp-json\/wp\/v2\/types\/page"}],"author":[{"embeddable":true,"href":"https:\/\/transportesezquerra.com.ar\/index.php\/wp-json\/wp\/v2\/users\/1"}],"replies":[{"embeddable":true,"href":"https:\/\/transportesezquerra.com.ar\/index.php\/wp-json\/wp\/v2\/comments?post=4570"}],"version-history":[{"count":16,"href":"https:\/\/transportesezquerra.com.ar\/index.php\/wp-json\/wp\/v2\/pages\/4570\/revisions"}],"predecessor-version":[{"id":6069,"href":"https:\/\/transportesezquerra.com.ar\/index.php\/wp-json\/wp\/v2\/pages\/4570\/revisions\/6069"}],"wp:attachment":[{"href":"https:\/\/transportesezquerra.com.ar\/index.php\/wp-json\/wp\/v2\/media?parent=4570"}],"curies":[{"name":"wp","href":"https:\/\/api.w.org\/{rel}","templated":true}]}}